{"id":7,"date":"2020-09-04T15:07:48","date_gmt":"2020-09-04T15:07:48","guid":{"rendered":"https:\/\/www.cascadequartett.ch\/?page_id=7"},"modified":"2022-03-12T16:42:20","modified_gmt":"2022-03-12T16:42:20","slug":"ueber-uns","status":"publish","type":"page","link":"https:\/\/www.cascadequartett.ch\/?page_id=7","title":{"rendered":"\u00dcber uns"},"content":{"rendered":"\n<figure class=\"wp-block-gallery columns-1 is-cropped\"><ul class=\"blocks-gallery-grid\"><li class=\"blocks-gallery-item\"><figure><img loading=\"lazy\" width=\"1024\" height=\"724\" src=\"https:\/\/www.cascadequartett.ch\/wp-content\/uploads\/2021\/07\/Foto-Cascade-Quartett-3-1024x724.jpg\" alt=\"\" data-id=\"124\" data-full-url=\"https:\/\/www.cascadequartett.ch\/wp-content\/uploads\/2021\/07\/Foto-Cascade-Quartett-3-scaled.jpg\" data-link=\"https:\/\/www.cascadequartett.ch\/?attachment_id=124\" class=\"wp-image-124\" srcset=\"https:\/\/www.cascadequartett.ch\/wp-content\/uploads\/2021\/07\/Foto-Cascade-Quartett-3-1024x724.jpg 1024w, https:\/\/www.cascadequartett.ch\/wp-content\/uploads\/2021\/07\/Foto-Cascade-Quartett-3-300x212.jpg 300w, https:\/\/www.cascadequartett.ch\/wp-content\/uploads\/2021\/07\/Foto-Cascade-Quartett-3-768x543.jpg 768w, https:\/\/www.cascadequartett.ch\/wp-content\/uploads\/2021\/07\/Foto-Cascade-Quartett-3-1536x1086.jpg 1536w, https:\/\/www.cascadequartett.ch\/wp-content\/uploads\/2021\/07\/Foto-Cascade-Quartett-3-2048x1448.jpg 2048w\" sizes=\"(max-width: 1024px) 100vw, 1024px\" \/><\/figure><\/li><\/ul><\/figure>\n\n\n\n<p class=\"has-text-align-center\"><strong>Christina Gelmetti<\/strong> Akkordeon<br><strong>Nilo Gelmetti<\/strong> Kontrabass, Akkordeon<br><strong>Gabriella Grimm<\/strong> Akkordeon<br><strong>Raphael Noth<\/strong> Gitarre, Gesang<\/p>\n\n\n\n<p><strong><span style=\"text-decoration: underline\" class=\"underline\">\u00dcber uns!<\/span><\/strong><\/p>\n\n\n\n<p><strong>15. M\u00e4rz 2020 Lockdown Schweiz &#8211; die Geburtsstunde des CASCADE QUARTETT<\/strong><\/p>\n\n\n\n<p>Wie viele andere Schweizer MusikerInnen folgte dieses neugegr\u00fcndete Quartett dem nationalen Aufruf, sich am Sonntag um 18.00h mit ihren Instrumenten f\u00fcr die Erhaltung der sch\u00fctzenswerten Musikkultur Geh\u00f6r zu verschaffen.<\/p>\n\n\n\n<p>Dem Aufruf gerne Folge leistend, traf man sich nach kurzer Absprache spontan erstmals in dieser Formation, um der gemeinsamen Leidenschaft, der akustischen Volksmusik zu fr\u00f6nen und fand sofort gegenseitiges Gefallen und Interesse am leidenschaftlichen Musizieren im lauschigen &#8222;Gfenner Garten&#8220; bei D\u00fcbendorf. Beeindruckt von den unterschiedlichen musikalischen Stilrichtungen war bald Allen klar; <strong>hier gibt&#8217;s noch Luft nach oben, wir sind noch lange nicht fertig zusammen!<\/strong><\/p>\n\n\n\n<p><strong>Christina und Nilo Gelmetti <\/strong>sind mit ihren Akkordeons ein sicherer und gesch\u00e4tzter Wert im Bereich der <strong>Oberkrainer- und L\u00e4ndlermusik<\/strong>. Bekannt als <strong><span style=\"text-decoration: underline\" class=\"underline\">&#8222;s&#8217;Gf\u00e4nner Duo&#8220;<\/span><\/strong> erfreuen sie seit Jahren manches Liebhaberherz, nicht zuletzt bei ihren hauseigenen &#8222;Stubeten&#8220; wo sich die &#8222;Cr\u00e8me de la Cr\u00e8me&#8220; der Akkordeonszene die Hand reicht. <\/p>\n\n\n\n<p><strong>Gabriella Grimm und Raphael Noth<\/strong> haben vor Jahren die Formation &#8222;CASCADE&#8220; ins Leben gerufen und pflegen die <strong>Musette- und Gesamt-europ\u00e4ische Volksmusik<\/strong>. <strong>Raphael Noth<\/strong>, begnadeter Gipsygitarrist und S\u00e4nger ist nach wie vor ein wichtiger Bestandteil in denen von ihm mitgegr\u00fcndeten Formationen &#8222;KOSH&#8220;, &#8222;DOMINO&#8220;, &#8222;Mark K\u00fcng Quartett&#8220; und &#8222;GADJOS&#8220;.<\/p>\n\n\n\n<p>In Anbetracht der virusbedingten, f\u00fcr MusikerInnen kulturwidrigen Umst\u00e4nden bot sich dem per Zufall neu entstandenen Quartett trotzdem die Gelegenheit, unter dem provisorischen Namen &#8222;CORONA Quartett&#8220; einige Alters- und Pflegeheime musikalisch zu begl\u00fccken und durchwegs mit positiven Komplimenten und Dankesreden den Heimweg anzutreten. (Herzlichen Dank an Alle, wir bleiben dran!)<\/p>\n\n\n\n<p>&#8222;<strong>CORONA Quartett<\/strong>&#8220; ist nun &#8222;<strong>CASCADE Quartett<\/strong>&#8220; &#8211; wir spielen vorw\u00e4rts!<\/p>\n","protected":false},"excerpt":{"rendered":"<p>Christina Gelmetti AkkordeonNilo Gelmetti Kontrabass, AkkordeonGabriella Grimm AkkordeonRaphael Noth Gitarre, Gesang \u00dcber uns! 15. M\u00e4rz 2020 Lockdown Schweiz &#8211; die Geburtsstunde des CASCADE QUARTETT Wie viele andere Schweizer MusikerInnen folgte dieses neugegr\u00fcndete Quartett dem nationalen Aufruf, sich am Sonntag um 18.00h mit ihren Instrumenten f\u00fcr die Erhaltung der sch\u00fctzenswerten Musikkultur Geh\u00f6r zu verschaffen. Dem Aufruf [&hellip;]<\/p>\n","protected":false},"author":1,"featured_media":0,"parent":0,"menu_order":0,"comment_status":"closed","ping_status":"closed","template":"","meta":{"ngg_post_thumbnail":0},"_links":{"self":[{"href":"https:\/\/www.cascadequartett.ch\/index.php?rest_route=\/wp\/v2\/pages\/7"}],"collection":[{"href":"https:\/\/www.cascadequartett.ch\/index.php?rest_route=\/wp\/v2\/pages"}],"about":[{"href":"https:\/\/www.cascadequartett.ch\/index.php?rest_route=\/wp\/v2\/types\/page"}],"author":[{"embeddable":true,"href":"https:\/\/www.cascadequartett.ch\/index.php?rest_route=\/wp\/v2\/users\/1"}],"replies":[{"embeddable":true,"href":"https:\/\/www.cascadequartett.ch\/index.php?rest_route=%2Fwp%2Fv2%2Fcomments&post=7"}],"version-history":[{"count":9,"href":"https:\/\/www.cascadequartett.ch\/index.php?rest_route=\/wp\/v2\/pages\/7\/revisions"}],"predecessor-version":[{"id":163,"href":"https:\/\/www.cascadequartett.ch\/index.php?rest_route=\/wp\/v2\/pages\/7\/revisions\/163"}],"wp:attachment":[{"href":"https:\/\/www.cascadequartett.ch\/index.php?rest_route=%2Fwp%2Fv2%2Fmedia&parent=7"}],"curies":[{"name":"wp","href":"https:\/\/api.w.org\/{rel}","templated":true}]}}