{"id":2,"date":"2020-07-31T10:40:37","date_gmt":"2020-07-31T10:40:37","guid":{"rendered":"https:\/\/cascadequartett.ch\/?page_id=2"},"modified":"2021-07-04T18:45:49","modified_gmt":"2021-07-04T18:45:49","slug":"sample-page","status":"publish","type":"page","link":"https:\/\/www.cascadequartett.ch\/","title":{"rendered":"Home"},"content":{"rendered":"\n<div class=\"wp-block-image\"><figure class=\"aligncenter size-large\"><img loading=\"lazy\" width=\"312\" height=\"434\" src=\"https:\/\/www.cascadequartett.ch\/wp-content\/uploads\/2020\/09\/Front.jpg\" alt=\"\" class=\"wp-image-33\" srcset=\"https:\/\/www.cascadequartett.ch\/wp-content\/uploads\/2020\/09\/Front.jpg 312w, https:\/\/www.cascadequartett.ch\/wp-content\/uploads\/2020\/09\/Front-216x300.jpg 216w\" sizes=\"(max-width: 312px) 100vw, 312px\" \/><\/figure><\/div>\n\n\n\n<p><\/p>\n\n\n\n<p>  <\/p>\n\n\n\n<p>Das Repertoire von CASCADE bewegt sich von Musette &amp; L\u00e4ndler \u00fcber Swing bis hin zu Oberkrainer und Lieder des fahrenden Volkes.<\/p>\n\n\n\n<p>Dieses vielseitige Quartett kann man gerne buchen um Ap\u00e9ros, Feste jeglicher Art, Betriebsanl\u00e4sse und alles Sonstige was der menschlichen Spezie Freude bereitet, musikalisch zu umrahmen.<\/p>\n\n\n\n<p><strong>Dank ihrem breitgef\u00e4cherten Programm bleiben Ihren G\u00e4ste keine W\u00fcnsche offen!<\/strong><\/p>\n\n\n\n<p>Auf Wunsch begleitet diese einf\u00fchlsame Formation auch eine Abdankung mit dem n\u00f6tigen Respekt und angebrachter Anteilnahme. <\/p>\n\n\n\n<p><strong>CASCADE, das besondere Quartett f\u00fcr Ihren besonderen Anlass<\/strong>.<\/p>\n\n\n\n<p>Diese Homepage wurde erst k\u00fcrzlich aufgeschaltet und befindet sich somit noch in Bearbeitung!  Herzlichen Dank f\u00fcr Ihre Geduld und Ihr Verst\u00e4ndnis. Wir arbeiten daran&#8230;.<\/p>\n\n\n\n<p><\/p>\n","protected":false},"excerpt":{"rendered":"<p>Das Repertoire von CASCADE bewegt sich von Musette &amp; L\u00e4ndler \u00fcber Swing bis hin zu Oberkrainer und Lieder des fahrenden Volkes. Dieses vielseitige Quartett kann man gerne buchen um Ap\u00e9ros, Feste jeglicher Art, Betriebsanl\u00e4sse und alles Sonstige was der menschlichen Spezie Freude bereitet, musikalisch zu umrahmen. Dank ihrem breitgef\u00e4cherten Programm bleiben Ihren G\u00e4ste keine W\u00fcnsche [&hellip;]<\/p>\n","protected":false},"author":1,"featured_media":0,"parent":0,"menu_order":0,"comment_status":"closed","ping_status":"open","template":"","meta":{"ngg_post_thumbnail":0},"_links":{"self":[{"href":"https:\/\/www.cascadequartett.ch\/index.php?rest_route=\/wp\/v2\/pages\/2"}],"collection":[{"href":"https:\/\/www.cascadequartett.ch\/index.php?rest_route=\/wp\/v2\/pages"}],"about":[{"href":"https:\/\/www.cascadequartett.ch\/index.php?rest_route=\/wp\/v2\/types\/page"}],"author":[{"embeddable":true,"href":"https:\/\/www.cascadequartett.ch\/index.php?rest_route=\/wp\/v2\/users\/1"}],"replies":[{"embeddable":true,"href":"https:\/\/www.cascadequartett.ch\/index.php?rest_route=%2Fwp%2Fv2%2Fcomments&post=2"}],"version-history":[{"count":10,"href":"https:\/\/www.cascadequartett.ch\/index.php?rest_route=\/wp\/v2\/pages\/2\/revisions"}],"predecessor-version":[{"id":106,"href":"https:\/\/www.cascadequartett.ch\/index.php?rest_route=\/wp\/v2\/pages\/2\/revisions\/106"}],"wp:attachment":[{"href":"https:\/\/www.cascadequartett.ch\/index.php?rest_route=%2Fwp%2Fv2%2Fmedia&parent=2"}],"curies":[{"name":"wp","href":"https:\/\/api.w.org\/{rel}","templated":true}]}}